{"id":3031,"date":"2025-05-02T16:10:17","date_gmt":"2025-05-02T16:10:17","guid":{"rendered":"https:\/\/cursos.jezmin.com.ar\/wp\/?page_id=3031"},"modified":"2025-05-29T22:55:32","modified_gmt":"2025-05-29T22:55:32","slug":"practicas-cosmetologicas","status":"publish","type":"page","link":"https:\/\/cursos.jezmin.com.ar\/wp\/practicas-cosmetologicas\/","title":{"rendered":"Pr\u00e1cticas Cosmetol\u00f3gicas"},"content":{"rendered":"\t\t<div data-elementor-type=\"wp-page\" data-elementor-id=\"3031\" class=\"elementor elementor-3031\">\n\t\t\t\t<div class=\"elementor-element elementor-element-eaf9f72 e-flex e-con-boxed e-con e-parent\" data-id=\"eaf9f72\" data-element_type=\"container\">\n\t\t\t\t\t<div class=\"e-con-inner\">\n\t\t\t\t<div class=\"elementor-element elementor-element-b4b51b4 elementor-widget elementor-widget-heading\" data-id=\"b4b51b4\" data-element_type=\"widget\" data-widget_type=\"heading.default\">\n\t\t\t\t<div class=\"elementor-widget-container\">\n\t\t\t<h2 class=\"elementor-heading-title elementor-size-default\">Pr\u00e1cticas Cosmetol\u00f3gicas<\/h2>\t\t<\/div>\n\t\t\t\t<\/div>\n\t\t\t\t\t<\/div>\n\t\t\t\t<\/div>\n\t\t<div class=\"elementor-element elementor-element-1d7b715 e-flex e-con-boxed e-con e-parent\" data-id=\"1d7b715\" data-element_type=\"container\">\n\t\t\t\t\t<div class=\"e-con-inner\">\n\t\t<div class=\"elementor-element elementor-element-f2a85cb e-grid e-con-full e-con e-child\" data-id=\"f2a85cb\" data-element_type=\"container\">\n\t\t\t\t<div class=\"elementor-element elementor-element-08c2949 elementor-widget elementor-widget-image\" data-id=\"08c2949\" data-element_type=\"widget\" data-widget_type=\"image.default\">\n\t\t\t\t<div class=\"elementor-widget-container\">\n\t\t\t\t\t\t\t\t\t\t\t\t\t<img fetchpriority=\"high\" decoding=\"async\" width=\"1014\" height=\"1024\" src=\"https:\/\/cursos.jezmin.com.ar\/wp\/wp-content\/uploads\/2025\/05\/PracticasComet-1014x1024.jpeg\" class=\"attachment-large size-large wp-image-3048\" alt=\"\" srcset=\"https:\/\/cursos.jezmin.com.ar\/wp\/wp-content\/uploads\/2025\/05\/PracticasComet-1014x1024.jpeg 1014w, https:\/\/cursos.jezmin.com.ar\/wp\/wp-content\/uploads\/2025\/05\/PracticasComet-297x300.jpeg 297w, https:\/\/cursos.jezmin.com.ar\/wp\/wp-content\/uploads\/2025\/05\/PracticasComet-150x150.jpeg 150w, https:\/\/cursos.jezmin.com.ar\/wp\/wp-content\/uploads\/2025\/05\/PracticasComet-768x776.jpeg 768w, https:\/\/cursos.jezmin.com.ar\/wp\/wp-content\/uploads\/2025\/05\/PracticasComet.jpeg 1184w\" sizes=\"(max-width: 1014px) 100vw, 1014px\" \/>\t\t\t\t\t\t\t\t\t\t\t\t\t<\/div>\n\t\t\t\t<\/div>\n\t\t\t\t<div class=\"elementor-element elementor-element-a5bcb2b elementor-widget elementor-widget-text-editor\" data-id=\"a5bcb2b\" data-element_type=\"widget\" data-widget_type=\"text-editor.default\">\n\t\t\t\t<div class=\"elementor-widget-container\">\n\t\t\t\t\t\t\t<p><strong>Capacitaci\u00f3n Presencial con pr\u00e1ctica<\/strong><\/p><p><span style=\"font-style: inherit;\"><b>Duraci\u00f3n:<\/b><\/span><span style=\"font-style: inherit; font-weight: inherit;\"> Un encuentro de 3 horas<\/span><\/p><p>Te ofrecemos un espacio para poner en pr\u00e1ctica tus conocimientos y sacarte todas las dudas.<\/p><p>Vas a poder utilizar variedad de productos de los mejores laboratorios profesionales argentinos.<\/p><p>\u00bfQu\u00e9 tenes que traer?<\/p><p>Un\/a modelo y e<span style=\"font-style: inherit; font-weight: inherit;\">lementos personales de trabajo (esponjas, esp\u00e1tula de freer, pincel o brocha, etc)<\/span><\/p><p><strong>Incluye materiales para la pr\u00e1ctica y certificado de asistencia.<\/strong><\/p><p><span style=\"color: var( --e-global-color-text ); font-family: var( --e-global-typography-text-font-family ), Sans-serif; font-weight: var( --e-global-typography-text-font-weight ); text-align: var(--text-align); background-color: var(--ast-global-color-5); font-size: 1rem;\">\u00a0<\/span><\/p><p><span style=\"color: var( --e-global-color-text ); font-family: var( --e-global-typography-text-font-family ), Sans-serif; font-weight: var( --e-global-typography-text-font-weight ); text-align: var(--text-align); background-color: var(--ast-global-color-5); font-size: 1rem;\">\u00a0<\/span><\/p>\t\t\t\t\t\t<\/div>\n\t\t\t\t<\/div>\n\t\t\t\t<\/div>\n\t\t\t\t\t<\/div>\n\t\t\t\t<\/div>\n\t\t<div class=\"elementor-element elementor-element-ff6133a e-flex e-con-boxed e-con e-parent\" data-id=\"ff6133a\" data-element_type=\"container\">\n\t\t\t\t\t<div class=\"e-con-inner\">\n\t\t<div class=\"elementor-element elementor-element-b7491b4 e-con-full e-flex e-con e-child\" data-id=\"b7491b4\" data-element_type=\"container\">\n\t\t\t\t<div class=\"elementor-element elementor-element-934df39 elementor-align-center elementor-widget elementor-widget-button\" data-id=\"934df39\" data-element_type=\"widget\" data-widget_type=\"button.default\">\n\t\t\t\t<div class=\"elementor-widget-container\">\n\t\t\t\t\t<div class=\"elementor-button-wrapper\">\n\t\t\t<a class=\"elementor-button elementor-button-link elementor-size-sm elementor-animation-grow\" href=\"https:\/\/cursos.jezmin.com.ar\/wp\/contacto\/\">\n\t\t\t\t\t\t<span class=\"elementor-button-content-wrapper\">\n\t\t\t\t\t\t\t\t\t<span class=\"elementor-button-text\">Contactanos para inscribirte<\/span>\n\t\t\t\t\t<\/span>\n\t\t\t\t\t<\/a>\n\t\t<\/div>\n\t\t\t\t<\/div>\n\t\t\t\t<\/div>\n\t\t\t\t<\/div>\n\t\t\t\t\t<\/div>\n\t\t\t\t<\/div>\n\t\t\t\t<\/div>\n\t\t","protected":false},"excerpt":{"rendered":"<p>Pr\u00e1cticas Cosmetol\u00f3gicas Capacitaci\u00f3n Presencial con pr\u00e1ctica Duraci\u00f3n: Un encuentro de 3 horas Te ofrecemos un espacio para poner en pr\u00e1ctica tus conocimientos y sacarte todas las dudas. Vas a poder utilizar variedad de productos de los mejores laboratorios profesionales argentinos. \u00bfQu\u00e9 tenes que traer? Un\/a modelo y elementos personales de trabajo (esponjas, esp\u00e1tula de freer, [&hellip;]<\/p>\n","protected":false},"author":2,"featured_media":0,"parent":0,"menu_order":0,"comment_status":"closed","ping_status":"closed","template":"","meta":{"_uag_custom_page_level_css":"","site-sidebar-layout":"no-sidebar","site-content-layout":"page-builder","ast-site-content-layout":"full-width-container","site-content-style":"default","site-sidebar-style":"default","ast-global-header-display":"","ast-banner-title-visibility":"","ast-main-header-display":"","ast-hfb-above-header-display":"","ast-hfb-below-header-display":"","ast-hfb-mobile-header-display":"","site-post-title":"disabled","ast-breadcrumbs-content":"","ast-featured-img":"disabled","footer-sml-layout":"","theme-transparent-header-meta":"","adv-header-id-meta":"","stick-header-meta":"","header-above-stick-meta":"","header-main-stick-meta":"","header-below-stick-meta":"","astra-migrate-meta-layouts":"default","ast-page-background-enabled":"default","ast-page-background-meta":{"desktop":{"background-color":"var(--ast-global-color-4)","background-image":"","background-repeat":"repeat","background-position":"center center","background-size":"auto","background-attachment":"scroll","background-type":"","background-media":"","overlay-type":"","overlay-color":"","overlay-opacity":"","overlay-gradient":""},"tablet":{"background-color":"","background-image":"","background-repeat":"repeat","background-position":"center center","background-size":"auto","background-attachment":"scroll","background-type":"","background-media":"","overlay-type":"","overlay-color":"","overlay-opacity":"","overlay-gradient":""},"mobile":{"background-color":"","background-image":"","background-repeat":"repeat","background-position":"center center","background-size":"auto","background-attachment":"scroll","background-type":"","background-media":"","overlay-type":"","overlay-color":"","overlay-opacity":"","overlay-gradient":""}},"ast-content-background-meta":{"desktop":{"background-color":"var(--ast-global-color-5)","background-image":"","background-repeat":"repeat","background-position":"center center","background-size":"auto","background-attachment":"scroll","background-type":"","background-media":"","overlay-type":"","overlay-color":"","overlay-opacity":"","overlay-gradient":""},"tablet":{"background-color":"var(--ast-global-color-5)","background-image":"","background-repeat":"repeat","background-position":"center center","background-size":"auto","background-attachment":"scroll","background-type":"","background-media":"","overlay-type":"","overlay-color":"","overlay-opacity":"","overlay-gradient":""},"mobile":{"background-color":"var(--ast-global-color-5)","background-image":"","background-repeat":"repeat","background-position":"center center","background-size":"auto","background-attachment":"scroll","background-type":"","background-media":"","overlay-type":"","overlay-color":"","overlay-opacity":"","overlay-gradient":""}},"footnotes":""},"class_list":["post-3031","page","type-page","status-publish","hentry"],"uagb_featured_image_src":{"full":false,"thumbnail":false,"medium":false,"medium_large":false,"large":false,"1536x1536":false,"2048x2048":false},"uagb_author_info":{"display_name":"Mauricio Arnau","author_link":"https:\/\/cursos.jezmin.com.ar\/wp\/author\/mauarnau\/"},"uagb_comment_info":0,"uagb_excerpt":"Pr\u00e1cticas Cosmetol\u00f3gicas Capacitaci\u00f3n Presencial con pr\u00e1ctica Duraci\u00f3n: Un encuentro de 3 horas Te ofrecemos un espacio para poner en pr\u00e1ctica tus conocimientos y sacarte todas las dudas. Vas a poder utilizar variedad de productos de los mejores laboratorios profesionales argentinos. \u00bfQu\u00e9 tenes que traer? Un\/a modelo y elementos personales de trabajo (esponjas, esp\u00e1tula de freer,&hellip;","_links":{"self":[{"href":"https:\/\/cursos.jezmin.com.ar\/wp\/wp-json\/wp\/v2\/pages\/3031"}],"collection":[{"href":"https:\/\/cursos.jezmin.com.ar\/wp\/wp-json\/wp\/v2\/pages"}],"about":[{"href":"https:\/\/cursos.jezmin.com.ar\/wp\/wp-json\/wp\/v2\/types\/page"}],"author":[{"embeddable":true,"href":"https:\/\/cursos.jezmin.com.ar\/wp\/wp-json\/wp\/v2\/users\/2"}],"replies":[{"embeddable":true,"href":"https:\/\/cursos.jezmin.com.ar\/wp\/wp-json\/wp\/v2\/comments?post=3031"}],"version-history":[{"count":13,"href":"https:\/\/cursos.jezmin.com.ar\/wp\/wp-json\/wp\/v2\/pages\/3031\/revisions"}],"predecessor-version":[{"id":3123,"href":"https:\/\/cursos.jezmin.com.ar\/wp\/wp-json\/wp\/v2\/pages\/3031\/revisions\/3123"}],"wp:attachment":[{"href":"https:\/\/cursos.jezmin.com.ar\/wp\/wp-json\/wp\/v2\/media?parent=3031"}],"curies":[{"name":"wp","href":"https:\/\/api.w.org\/{rel}","templated":true}]}}