{"id":2761,"date":"2024-10-03T13:53:28","date_gmt":"2024-10-03T13:53:28","guid":{"rendered":"https:\/\/cursos.jezmin.com.ar\/wp\/?page_id=2761"},"modified":"2025-05-29T22:47:50","modified_gmt":"2025-05-29T22:47:50","slug":"dermaplaning","status":"publish","type":"page","link":"https:\/\/cursos.jezmin.com.ar\/wp\/dermaplaning\/","title":{"rendered":"Dermaplaning"},"content":{"rendered":"\t\t<div data-elementor-type=\"wp-page\" data-elementor-id=\"2761\" class=\"elementor elementor-2761\">\n\t\t\t\t<div class=\"elementor-element elementor-element-eaf9f72 e-flex e-con-boxed e-con e-parent\" data-id=\"eaf9f72\" data-element_type=\"container\">\n\t\t\t\t\t<div class=\"e-con-inner\">\n\t\t\t\t<div class=\"elementor-element elementor-element-b4b51b4 elementor-widget elementor-widget-heading\" data-id=\"b4b51b4\" data-element_type=\"widget\" data-widget_type=\"heading.default\">\n\t\t\t\t<div class=\"elementor-widget-container\">\n\t\t\t<h2 class=\"elementor-heading-title elementor-size-default\">Piel Radiante \u2728\ufe0fDermaplaning + Peeling Qu\u00edmico<\/h2>\t\t<\/div>\n\t\t\t\t<\/div>\n\t\t\t\t\t<\/div>\n\t\t\t\t<\/div>\n\t\t<div class=\"elementor-element elementor-element-1d7b715 e-flex e-con-boxed e-con e-parent\" data-id=\"1d7b715\" data-element_type=\"container\">\n\t\t\t\t\t<div class=\"e-con-inner\">\n\t\t<div class=\"elementor-element elementor-element-f2a85cb e-grid e-con-full e-con e-child\" data-id=\"f2a85cb\" data-element_type=\"container\">\n\t\t\t\t<div class=\"elementor-element elementor-element-08c2949 elementor-widget elementor-widget-image\" data-id=\"08c2949\" data-element_type=\"widget\" data-widget_type=\"image.default\">\n\t\t\t\t<div class=\"elementor-widget-container\">\n\t\t\t\t\t\t\t\t\t\t\t\t\t<img fetchpriority=\"high\" decoding=\"async\" width=\"1024\" height=\"1024\" src=\"https:\/\/cursos.jezmin.com.ar\/wp\/wp-content\/uploads\/2024\/09\/cursos-jezmin_Mesa-de-trabajo-1-copia-5-1024x1024.jpg\" class=\"attachment-large size-large wp-image-2343\" alt=\"\" srcset=\"https:\/\/cursos.jezmin.com.ar\/wp\/wp-content\/uploads\/2024\/09\/cursos-jezmin_Mesa-de-trabajo-1-copia-5-1024x1024.jpg 1024w, https:\/\/cursos.jezmin.com.ar\/wp\/wp-content\/uploads\/2024\/09\/cursos-jezmin_Mesa-de-trabajo-1-copia-5-300x300.jpg 300w, https:\/\/cursos.jezmin.com.ar\/wp\/wp-content\/uploads\/2024\/09\/cursos-jezmin_Mesa-de-trabajo-1-copia-5-150x150.jpg 150w, https:\/\/cursos.jezmin.com.ar\/wp\/wp-content\/uploads\/2024\/09\/cursos-jezmin_Mesa-de-trabajo-1-copia-5-768x768.jpg 768w, https:\/\/cursos.jezmin.com.ar\/wp\/wp-content\/uploads\/2024\/09\/cursos-jezmin_Mesa-de-trabajo-1-copia-5-1536x1536.jpg 1536w, https:\/\/cursos.jezmin.com.ar\/wp\/wp-content\/uploads\/2024\/09\/cursos-jezmin_Mesa-de-trabajo-1-copia-5-2048x2048.jpg 2048w\" sizes=\"(max-width: 1024px) 100vw, 1024px\" \/>\t\t\t\t\t\t\t\t\t\t\t\t\t<\/div>\n\t\t\t\t<\/div>\n\t\t\t\t<div class=\"elementor-element elementor-element-a5bcb2b elementor-widget elementor-widget-text-editor\" data-id=\"a5bcb2b\" data-element_type=\"widget\" data-widget_type=\"text-editor.default\">\n\t\t\t\t<div class=\"elementor-widget-container\">\n\t\t\t\t\t\t\t<p><strong>Presencial con demostraci\u00f3n y pr\u00e1ctica<\/strong><\/p>\n<p><strong style=\"font-style: inherit; color: var( --e-global-color-text ); font-family: var( --e-global-typography-text-font-family ), Sans-serif; text-align: var(--text-align); background-color: var(--ast-global-color-5);\">Duraci\u00f3n:<\/strong><span style=\"font-style: inherit; font-weight: inherit; color: var( --e-global-color-text ); font-family: var( --e-global-typography-text-font-family ), Sans-serif; text-align: var(--text-align); background-color: var(--ast-global-color-5);\">&nbsp;Un encuentro de 3 horas.&nbsp;<\/span><\/p>\n<p><strong>Incluye material te\u00f3rico en pdf, materiales para la pr\u00e1ctica, salvo los de uso personal y certificado de asistencia.<\/strong><\/p>\n<p>Aprender\u00e1s a realizar una exfoliaci\u00f3n con la t\u00e9cnica de Dermaplaning. Cada alumna har\u00e1 un dermaplaning y se dejar\u00e1 hacer el tratamiento por otra participante del taller.<br>\u00bfQu\u00e9 es Dermaplaning? Es una exfoliaci\u00f3n f\u00edsica que consiste en la utilizaci\u00f3n del bistur\u00ed para raspar la capa superior de la piel, con el fin de revelar una piel m\u00e1s suave y brillante. Se recomienda para todo tipo de pieles salvo las acneicas.<br>\u2022Paso a paso del manejo de la T\u00e9cnica de Dermaplaning.<br>\u2022Combinaci\u00f3n de t\u00e9cnicas: Dermaplaning + Acidos + Shock de antioxidantes.<br>\u2022Protocolo infalible de revitalizaci\u00f3n de la piel.<\/p>\t\t\t\t\t\t<\/div>\n\t\t\t\t<\/div>\n\t\t\t\t<\/div>\n\t\t\t\t\t<\/div>\n\t\t\t\t<\/div>\n\t\t<div class=\"elementor-element elementor-element-ff6133a e-flex e-con-boxed e-con e-parent\" data-id=\"ff6133a\" data-element_type=\"container\">\n\t\t\t\t\t<div class=\"e-con-inner\">\n\t\t<div class=\"elementor-element elementor-element-b7491b4 e-con-full e-flex e-con e-child\" data-id=\"b7491b4\" data-element_type=\"container\">\n\t\t\t\t<div class=\"elementor-element elementor-element-934df39 elementor-align-center elementor-widget elementor-widget-button\" data-id=\"934df39\" data-element_type=\"widget\" data-widget_type=\"button.default\">\n\t\t\t\t<div class=\"elementor-widget-container\">\n\t\t\t\t\t<div class=\"elementor-button-wrapper\">\n\t\t\t<a class=\"elementor-button elementor-button-link elementor-size-sm elementor-animation-grow\" href=\"https:\/\/cursos.jezmin.com.ar\/wp\/contacto\/\">\n\t\t\t\t\t\t<span class=\"elementor-button-content-wrapper\">\n\t\t\t\t\t\t\t\t\t<span class=\"elementor-button-text\">Contactanos para inscribirte<\/span>\n\t\t\t\t\t<\/span>\n\t\t\t\t\t<\/a>\n\t\t<\/div>\n\t\t\t\t<\/div>\n\t\t\t\t<\/div>\n\t\t\t\t<\/div>\n\t\t\t\t\t<\/div>\n\t\t\t\t<\/div>\n\t\t\t\t<\/div>\n\t\t","protected":false},"excerpt":{"rendered":"<p>Piel Radiante \u2728\ufe0fDermaplaning + Peeling Qu\u00edmico Presencial con demostraci\u00f3n y pr\u00e1ctica Duraci\u00f3n:&nbsp;Un encuentro de 3 horas.&nbsp; Incluye material te\u00f3rico en pdf, materiales para la pr\u00e1ctica, salvo los de uso personal y certificado de asistencia. Aprender\u00e1s a realizar una exfoliaci\u00f3n con la t\u00e9cnica de Dermaplaning. Cada alumna har\u00e1 un dermaplaning y se dejar\u00e1 hacer el tratamiento [&hellip;]<\/p>\n","protected":false},"author":2,"featured_media":0,"parent":0,"menu_order":0,"comment_status":"closed","ping_status":"closed","template":"","meta":{"_uag_custom_page_level_css":"","site-sidebar-layout":"no-sidebar","site-content-layout":"page-builder","ast-site-content-layout":"full-width-container","site-content-style":"default","site-sidebar-style":"default","ast-global-header-display":"","ast-banner-title-visibility":"","ast-main-header-display":"","ast-hfb-above-header-display":"","ast-hfb-below-header-display":"","ast-hfb-mobile-header-display":"","site-post-title":"disabled","ast-breadcrumbs-content":"","ast-featured-img":"disabled","footer-sml-layout":"","theme-transparent-header-meta":"","adv-header-id-meta":"","stick-header-meta":"","header-above-stick-meta":"","header-main-stick-meta":"","header-below-stick-meta":"","astra-migrate-meta-layouts":"default","ast-page-background-enabled":"default","ast-page-background-meta":{"desktop":{"background-color":"var(--ast-global-color-4)","background-image":"","background-repeat":"repeat","background-position":"center center","background-size":"auto","background-attachment":"scroll","background-type":"","background-media":"","overlay-type":"","overlay-color":"","overlay-opacity":"","overlay-gradient":""},"tablet":{"background-color":"","background-image":"","background-repeat":"repeat","background-position":"center center","background-size":"auto","background-attachment":"scroll","background-type":"","background-media":"","overlay-type":"","overlay-color":"","overlay-opacity":"","overlay-gradient":""},"mobile":{"background-color":"","background-image":"","background-repeat":"repeat","background-position":"center center","background-size":"auto","background-attachment":"scroll","background-type":"","background-media":"","overlay-type":"","overlay-color":"","overlay-opacity":"","overlay-gradient":""}},"ast-content-background-meta":{"desktop":{"background-color":"var(--ast-global-color-5)","background-image":"","background-repeat":"repeat","background-position":"center center","background-size":"auto","background-attachment":"scroll","background-type":"","background-media":"","overlay-type":"","overlay-color":"","overlay-opacity":"","overlay-gradient":""},"tablet":{"background-color":"var(--ast-global-color-5)","background-image":"","background-repeat":"repeat","background-position":"center center","background-size":"auto","background-attachment":"scroll","background-type":"","background-media":"","overlay-type":"","overlay-color":"","overlay-opacity":"","overlay-gradient":""},"mobile":{"background-color":"var(--ast-global-color-5)","background-image":"","background-repeat":"repeat","background-position":"center center","background-size":"auto","background-attachment":"scroll","background-type":"","background-media":"","overlay-type":"","overlay-color":"","overlay-opacity":"","overlay-gradient":""}},"footnotes":""},"class_list":["post-2761","page","type-page","status-publish","hentry"],"uagb_featured_image_src":{"full":false,"thumbnail":false,"medium":false,"medium_large":false,"large":false,"1536x1536":false,"2048x2048":false},"uagb_author_info":{"display_name":"Mauricio Arnau","author_link":"https:\/\/cursos.jezmin.com.ar\/wp\/author\/mauarnau\/"},"uagb_comment_info":0,"uagb_excerpt":"Piel Radiante \u2728\ufe0fDermaplaning + Peeling Qu\u00edmico Presencial con demostraci\u00f3n y pr\u00e1ctica Duraci\u00f3n:&nbsp;Un encuentro de 3 horas.&nbsp; Incluye material te\u00f3rico en pdf, materiales para la pr\u00e1ctica, salvo los de uso personal y certificado de asistencia. Aprender\u00e1s a realizar una exfoliaci\u00f3n con la t\u00e9cnica de Dermaplaning. Cada alumna har\u00e1 un dermaplaning y se dejar\u00e1 hacer el tratamiento&hellip;","_links":{"self":[{"href":"https:\/\/cursos.jezmin.com.ar\/wp\/wp-json\/wp\/v2\/pages\/2761"}],"collection":[{"href":"https:\/\/cursos.jezmin.com.ar\/wp\/wp-json\/wp\/v2\/pages"}],"about":[{"href":"https:\/\/cursos.jezmin.com.ar\/wp\/wp-json\/wp\/v2\/types\/page"}],"author":[{"embeddable":true,"href":"https:\/\/cursos.jezmin.com.ar\/wp\/wp-json\/wp\/v2\/users\/2"}],"replies":[{"embeddable":true,"href":"https:\/\/cursos.jezmin.com.ar\/wp\/wp-json\/wp\/v2\/comments?post=2761"}],"version-history":[{"count":22,"href":"https:\/\/cursos.jezmin.com.ar\/wp\/wp-json\/wp\/v2\/pages\/2761\/revisions"}],"predecessor-version":[{"id":3108,"href":"https:\/\/cursos.jezmin.com.ar\/wp\/wp-json\/wp\/v2\/pages\/2761\/revisions\/3108"}],"wp:attachment":[{"href":"https:\/\/cursos.jezmin.com.ar\/wp\/wp-json\/wp\/v2\/media?parent=2761"}],"curies":[{"name":"wp","href":"https:\/\/api.w.org\/{rel}","templated":true}]}}