{"id":2260,"date":"2024-09-12T11:07:22","date_gmt":"2024-09-12T11:07:22","guid":{"rendered":"https:\/\/cursos.jezmin.com.ar\/wp\/?page_id=2260"},"modified":"2025-05-02T15:36:45","modified_gmt":"2025-05-02T15:36:45","slug":"cosmetologia","status":"publish","type":"page","link":"https:\/\/cursos.jezmin.com.ar\/wp\/cosmetologia\/","title":{"rendered":"Cosmetolog\u00eda"},"content":{"rendered":"\t\t<div data-elementor-type=\"wp-page\" data-elementor-id=\"2260\" class=\"elementor elementor-2260\">\n\t\t\t\t<div class=\"elementor-element elementor-element-72608c6 e-flex e-con-boxed e-con e-parent\" data-id=\"72608c6\" data-element_type=\"container\">\n\t\t\t\t\t<div class=\"e-con-inner\">\n\t\t\t\t<div class=\"elementor-element elementor-element-a12be80 elementor-widget elementor-widget-heading\" data-id=\"a12be80\" data-element_type=\"widget\" data-widget_type=\"heading.default\">\n\t\t\t\t<div class=\"elementor-widget-container\">\n\t\t\t<h2 class=\"elementor-heading-title elementor-size-default\">Curso de Cosmetolog\u00eda<\/h2>\t\t<\/div>\n\t\t\t\t<\/div>\n\t\t\t\t\t<\/div>\n\t\t\t\t<\/div>\n\t\t<div class=\"elementor-element elementor-element-4554676 e-grid e-con-boxed e-con e-parent\" data-id=\"4554676\" data-element_type=\"container\">\n\t\t\t\t\t<div class=\"e-con-inner\">\n\t\t\t\t<div class=\"elementor-element elementor-element-f87a54e elementor-widget elementor-widget-image\" data-id=\"f87a54e\" data-element_type=\"widget\" data-widget_type=\"image.default\">\n\t\t\t\t<div class=\"elementor-widget-container\">\n\t\t\t\t\t\t\t\t\t\t\t\t\t<img fetchpriority=\"high\" decoding=\"async\" width=\"1024\" height=\"1024\" src=\"https:\/\/cursos.jezmin.com.ar\/wp\/wp-content\/uploads\/2024\/09\/cursos-jezmin_Mesa-de-trabajo-1-copia-4-1024x1024.jpg\" class=\"attachment-large size-large wp-image-2342\" alt=\"\" srcset=\"https:\/\/cursos.jezmin.com.ar\/wp\/wp-content\/uploads\/2024\/09\/cursos-jezmin_Mesa-de-trabajo-1-copia-4-1024x1024.jpg 1024w, https:\/\/cursos.jezmin.com.ar\/wp\/wp-content\/uploads\/2024\/09\/cursos-jezmin_Mesa-de-trabajo-1-copia-4-300x300.jpg 300w, https:\/\/cursos.jezmin.com.ar\/wp\/wp-content\/uploads\/2024\/09\/cursos-jezmin_Mesa-de-trabajo-1-copia-4-150x150.jpg 150w, https:\/\/cursos.jezmin.com.ar\/wp\/wp-content\/uploads\/2024\/09\/cursos-jezmin_Mesa-de-trabajo-1-copia-4-768x768.jpg 768w, https:\/\/cursos.jezmin.com.ar\/wp\/wp-content\/uploads\/2024\/09\/cursos-jezmin_Mesa-de-trabajo-1-copia-4-1536x1536.jpg 1536w, https:\/\/cursos.jezmin.com.ar\/wp\/wp-content\/uploads\/2024\/09\/cursos-jezmin_Mesa-de-trabajo-1-copia-4-2048x2048.jpg 2048w, https:\/\/cursos.jezmin.com.ar\/wp\/wp-content\/uploads\/2024\/09\/elementor\/thumbs\/cursos-jezmin_Mesa-de-trabajo-1-copia-4-quhrzxuyxnyiwl91wee9eujs6c24u8giyp8b65pno0.jpg 1000w\" sizes=\"(max-width: 1024px) 100vw, 1024px\" \/>\t\t\t\t\t\t\t\t\t\t\t\t\t<\/div>\n\t\t\t\t<\/div>\n\t\t\t\t<div class=\"elementor-element elementor-element-8539a27 elementor-widget elementor-widget-text-editor\" data-id=\"8539a27\" data-element_type=\"widget\" data-widget_type=\"text-editor.default\">\n\t\t\t\t<div class=\"elementor-widget-container\">\n\t\t\t\t\t\t\t<p class=\"p1\"><strong><span class=\"s1\">Curso te\u00f3rico-pr\u00e1ctico con modalidad <\/span><span class=\"s1\">semipresencial.<\/span><\/strong><\/p>\n<p class=\"p1\"><span class=\"s1\"><strong>Profesora:<\/strong> Dermocosmiatra Natalia C\u00f3rdoba. <\/span><\/p>\n<p class=\"p1\"><span class=\"s1\"><strong>Duraci\u00f3n: <\/strong>20 clases. Una clase por semana de 3 horas. <span style=\"text-align: var(--text-align); background-color: var(--ast-global-color-5);\">Constar\u00e1 de encuentros virtuales sincr\u00f3nicos por Zoom con la parte te\u00f3rica y presenciales en Jezmin con la parte pr\u00e1ctica.<\/span><\/span><\/p>\n<p class=\"p1\"><span class=\"s1\"><strong>Temas:<\/strong> Elementos b\u00e1sicos de trabajo. La c\u00e9lula y su constituci\u00f3n. Estructura y funci\u00f3n de la piel. Tratamientos sobre piel sana. Gl\u00e1ndulas anexas y m\u00fasculos del rostro. Biotipos. Fototipos. Acn\u00e9. Ros\u00e1cea. Piel sensible. Involuci\u00f3n cut\u00e1nea. Fotoenvejecimiento y Fotoprotecci\u00f3n. Aparatolog\u00eda: Puntas de diamante, alta frecuencia, electroporaci\u00f3n y esp\u00e1tula ultras\u00f3nica.<\/span><\/p>\n<p class=\"p1\"><span class=\"s1\">Podr\u00e1s probar productos variados de distintos laboratorios argentinos como: Biocosm\u00e9tica Exel, idraet, Zine, Carthage, entre otros y obtener precio profesional desde el inicio del curso, en todos los productos que quieras adquirir, para practicar fuera del curso. En clase, est\u00e1n incluidos todos los materiales para trabajar, salvo los de uso personal. Tambi\u00e9n te damos material te\u00f2rico completo en formato PDF. Apoyo del grupo de Whatsapp durante el curso, donde podr\u00e1s socializar el conocimiento y evacuar dudas. <\/span><\/p>\n<p class=\"p1\"><span class=\"s1\">En todos nuestros cursos te damos certificado final y carnet. Los cursos est\u00e1n avalados por la Federaci\u00f3n Argentina de Cosmet\u00f3logos y Esteticistas (FACCE).<img decoding=\"async\" class=\"alignnone wp-image-2610\" src=\"https:\/\/cursos.jezmin.com.ar\/wp\/wp-content\/uploads\/2024\/10\/logo-FACE.png\" alt=\"\" width=\"40\" height=\"40\"> <\/span><\/p>\t\t\t\t\t\t<\/div>\n\t\t\t\t<\/div>\n\t\t\t\t\t<\/div>\n\t\t\t\t<\/div>\n\t\t<div class=\"elementor-element elementor-element-31ec008 e-flex e-con-boxed e-con e-parent\" data-id=\"31ec008\" data-element_type=\"container\">\n\t\t\t\t\t<div class=\"e-con-inner\">\n\t\t\t\t<div class=\"elementor-element elementor-element-5183ff8 elementor-align-center elementor-widget elementor-widget-button\" data-id=\"5183ff8\" data-element_type=\"widget\" data-widget_type=\"button.default\">\n\t\t\t\t<div class=\"elementor-widget-container\">\n\t\t\t\t\t<div class=\"elementor-button-wrapper\">\n\t\t\t<a class=\"elementor-button elementor-button-link elementor-size-sm elementor-animation-grow\" href=\"https:\/\/cursos.jezmin.com.ar\/wp\/contacto\/\">\n\t\t\t\t\t\t<span class=\"elementor-button-content-wrapper\">\n\t\t\t\t\t\t\t\t\t<span class=\"elementor-button-text\">Contactanos para inscribirte<\/span>\n\t\t\t\t\t<\/span>\n\t\t\t\t\t<\/a>\n\t\t<\/div>\n\t\t\t\t<\/div>\n\t\t\t\t<\/div>\n\t\t\t\t\t<\/div>\n\t\t\t\t<\/div>\n\t\t\t\t<\/div>\n\t\t","protected":false},"excerpt":{"rendered":"<p>Curso de Cosmetolog\u00eda Curso te\u00f3rico-pr\u00e1ctico con modalidad semipresencial. Profesora: Dermocosmiatra Natalia C\u00f3rdoba. Duraci\u00f3n: 20 clases. Una clase por semana de 3 horas. Constar\u00e1 de encuentros virtuales sincr\u00f3nicos por Zoom con la parte te\u00f3rica y presenciales en Jezmin con la parte pr\u00e1ctica. Temas: Elementos b\u00e1sicos de trabajo. La c\u00e9lula y su constituci\u00f3n. Estructura y funci\u00f3n de [&hellip;]<\/p>\n","protected":false},"author":3,"featured_media":0,"parent":0,"menu_order":0,"comment_status":"closed","ping_status":"closed","template":"","meta":{"_uag_custom_page_level_css":"","site-sidebar-layout":"no-sidebar","site-content-layout":"page-builder","ast-site-content-layout":"full-width-container","site-content-style":"default","site-sidebar-style":"default","ast-global-header-display":"","ast-banner-title-visibility":"","ast-main-header-display":"","ast-hfb-above-header-display":"","ast-hfb-below-header-display":"","ast-hfb-mobile-header-display":"","site-post-title":"disabled","ast-breadcrumbs-content":"","ast-featured-img":"disabled","footer-sml-layout":"","theme-transparent-header-meta":"","adv-header-id-meta":"","stick-header-meta":"","header-above-stick-meta":"","header-main-stick-meta":"","header-below-stick-meta":"","astra-migrate-meta-layouts":"default","ast-page-background-enabled":"default","ast-page-background-meta":{"desktop":{"background-color":"var(--ast-global-color-4)","background-image":"","background-repeat":"repeat","background-position":"center center","background-size":"auto","background-attachment":"scroll","background-type":"","background-media":"","overlay-type":"","overlay-color":"","overlay-opacity":"","overlay-gradient":""},"tablet":{"background-color":"","background-image":"","background-repeat":"repeat","background-position":"center center","background-size":"auto","background-attachment":"scroll","background-type":"","background-media":"","overlay-type":"","overlay-color":"","overlay-opacity":"","overlay-gradient":""},"mobile":{"background-color":"","background-image":"","background-repeat":"repeat","background-position":"center center","background-size":"auto","background-attachment":"scroll","background-type":"","background-media":"","overlay-type":"","overlay-color":"","overlay-opacity":"","overlay-gradient":""}},"ast-content-background-meta":{"desktop":{"background-color":"var(--ast-global-color-5)","background-image":"","background-repeat":"repeat","background-position":"center center","background-size":"auto","background-attachment":"scroll","background-type":"","background-media":"","overlay-type":"","overlay-color":"","overlay-opacity":"","overlay-gradient":""},"tablet":{"background-color":"var(--ast-global-color-5)","background-image":"","background-repeat":"repeat","background-position":"center center","background-size":"auto","background-attachment":"scroll","background-type":"","background-media":"","overlay-type":"","overlay-color":"","overlay-opacity":"","overlay-gradient":""},"mobile":{"background-color":"var(--ast-global-color-5)","background-image":"","background-repeat":"repeat","background-position":"center center","background-size":"auto","background-attachment":"scroll","background-type":"","background-media":"","overlay-type":"","overlay-color":"","overlay-opacity":"","overlay-gradient":""}},"footnotes":""},"class_list":["post-2260","page","type-page","status-publish","hentry"],"uagb_featured_image_src":{"full":false,"thumbnail":false,"medium":false,"medium_large":false,"large":false,"1536x1536":false,"2048x2048":false},"uagb_author_info":{"display_name":"Valentina","author_link":"https:\/\/cursos.jezmin.com.ar\/wp\/author\/valentina\/"},"uagb_comment_info":0,"uagb_excerpt":"Curso de Cosmetolog\u00eda Curso te\u00f3rico-pr\u00e1ctico con modalidad semipresencial. Profesora: Dermocosmiatra Natalia C\u00f3rdoba. Duraci\u00f3n: 20 clases. Una clase por semana de 3 horas. Constar\u00e1 de encuentros virtuales sincr\u00f3nicos por Zoom con la parte te\u00f3rica y presenciales en Jezmin con la parte pr\u00e1ctica. Temas: Elementos b\u00e1sicos de trabajo. La c\u00e9lula y su constituci\u00f3n. Estructura y funci\u00f3n de&hellip;","_links":{"self":[{"href":"https:\/\/cursos.jezmin.com.ar\/wp\/wp-json\/wp\/v2\/pages\/2260"}],"collection":[{"href":"https:\/\/cursos.jezmin.com.ar\/wp\/wp-json\/wp\/v2\/pages"}],"about":[{"href":"https:\/\/cursos.jezmin.com.ar\/wp\/wp-json\/wp\/v2\/types\/page"}],"author":[{"embeddable":true,"href":"https:\/\/cursos.jezmin.com.ar\/wp\/wp-json\/wp\/v2\/users\/3"}],"replies":[{"embeddable":true,"href":"https:\/\/cursos.jezmin.com.ar\/wp\/wp-json\/wp\/v2\/comments?post=2260"}],"version-history":[{"count":40,"href":"https:\/\/cursos.jezmin.com.ar\/wp\/wp-json\/wp\/v2\/pages\/2260\/revisions"}],"predecessor-version":[{"id":3005,"href":"https:\/\/cursos.jezmin.com.ar\/wp\/wp-json\/wp\/v2\/pages\/2260\/revisions\/3005"}],"wp:attachment":[{"href":"https:\/\/cursos.jezmin.com.ar\/wp\/wp-json\/wp\/v2\/media?parent=2260"}],"curies":[{"name":"wp","href":"https:\/\/api.w.org\/{rel}","templated":true}]}}